{"id":12,"date":"2016-09-16T07:02:12","date_gmt":"2016-09-16T07:02:12","guid":{"rendered":"http:\/\/sw-themes.com\/porto_dummy\/?page_id=7"},"modified":"2023-08-02T09:50:54","modified_gmt":"2023-08-02T09:50:54","slug":"hakkimizda","status":"publish","type":"page","link":"https:\/\/kuralpansiyon.com\/index.php\/hakkimizda\/","title":{"rendered":"Hakk\u0131m\u0131zda"},"content":{"rendered":"<section class=\"wpb-content-wrapper\"><p>[vc_row el_id=&#8221;overview&#8221;][vc_column][vc_custom_heading text=&#8221;Hakk\u0131m\u0131zda&#8221; font_container=&#8221;tag:h3|text_align:left&#8221; use_theme_fonts=&#8221;yes&#8221; animation_delay=&#8221;200&#8243; animation_type=&#8221;fadeInUp&#8221; css=&#8221;.vc_custom_1690968901193{margin-top: 24px !important;margin-bottom: 27px !important;}&#8221;][vc_separator color=&#8221;custom&#8221; align=&#8221;align_left&#8221; border_width=&#8221;3&#8243; type=&#8221;small&#8221; gap=&#8221;short&#8221; accent_color=&#8221;#bc9552&#8243;][vc_row_inner][vc_column_inner animation_delay=&#8221;200&#8243; offset=&#8221;vc_col-md-5&#8243; animation_type=&#8221;fadeInLeft&#8221;]<div class=\"porto-carousel owl-carousel has-ccols has-ccols-spacing ccols-1 m-t-md box-shadow-custom wpb_custom_70a89e142ccf56dcd4c7bfc4b40db368 nav-inside\" data-plugin-options=\"{&quot;stagePadding&quot;:0,&quot;margin&quot;:10,&quot;autoplay&quot;:&quot;yes&quot;,&quot;mouseDrag&quot;:true,&quot;touchDrag&quot;:true,&quot;autoplayTimeout&quot;:3000,&quot;autoplayHoverPause&quot;:false,&quot;items&quot;:1,&quot;lg&quot;:1,&quot;md&quot;:1,&quot;sm&quot;:1,&quot;xs&quot;:1,&quot;nav&quot;:false,&quot;dots&quot;:&quot;yes&quot;,&quot;animateIn&quot;:&quot;&quot;,&quot;animateOut&quot;:&quot;fadeOut&quot;,&quot;loop&quot;:&quot;yes&quot;,&quot;center&quot;:false,&quot;video&quot;:false,&quot;lazyLoad&quot;:false,&quot;fullscreen&quot;:false}\">[vc_single_image image=&#8221;231&#8243; img_size=&#8221;full&#8221;][vc_single_image image=&#8221;232&#8243; img_size=&#8221;full&#8221;]<\/div>[\/vc_column_inner][vc_column_inner animation_delay=&#8221;200&#8243; offset=&#8221;vc_col-md-7&#8243; animation_type=&#8221;fadeInRight&#8221;][vc_column_text css=&#8221;.vc_custom_1690968937523{margin-top: 16px !important;margin-bottom: 0px !important;}&#8221;]Kural Pansiyon plaja 6 dakikal\u0131k y\u00fcr\u00fcme mesafesinde. El yap\u0131m\u0131 yerel hediyelik e\u015fyalar sat\u0131n alabilece\u011finiz, ah\u015fap oymac\u0131l\u0131\u011f\u0131 i\u00e7in \u00fcnl\u00fc tarihi b\u00f6lgede yer alan Kural Pansiyon, genelinde \u00fccretsiz WiFi eri\u015fimine sahiptir. Kural Pansiyonda t\u00fcm odalar, klima ve d\u00fcz ekran uydu TV ile donat\u0131lm\u0131\u015ft\u0131r. Baz\u0131 odalarda rahatl\u0131\u011f\u0131n\u0131z i\u00e7in oturma alan\u0131 da mevcuttur. Odalarda elektrikli su \u0131s\u0131t\u0131c\u0131s\u0131 vard\u0131r. Konforunuz i\u00e7in terlikler, \u00fccretsiz banyo malzemeleri ve sa\u00e7 kurutma makinesi temin edilmektedir. Yak\u0131ndaki restoranlarda lezzetli salatalar ve deniz \u00fcr\u00fcnlerini tadabilirsiniz. Ayr\u0131ca Amasra&#8217;daki kaleler ve surlar gibi tarihi konumlar\u0131 ke\u015ffedebilirsiniz. K\u00fc\u00e7\u00fck Liman Plaj\u0131 ve B\u00fcy\u00fck Liman Plaj\u0131 civarda yer almaktad\u0131r. Kural Pansiyon, Kemere K\u00f6pr\u00fcs\u00fc&#8217;ne 200 metre mesafededir.[\/vc_column_text][\/vc_column_inner][\/vc_row_inner][vc_row_inner css=&#8221;.vc_custom_1690969847076{margin-top: 17px !important;}&#8221;][vc_column_inner width=&#8221;1\/3&#8243;][vc_column_text el_class=&#8221;m-b-none&#8221;]<\/p>\n<ul class=\"list list-icons list-primary text-uppercase text-color-dark font-size-sm font-weight-bold\">\n<li><i class=\"fa fa-check\"><\/i>Yak\u0131nlarda \u00fccretli \u00f6zel otopark<\/li>\n<li><i class=\"fa fa-check\"><\/i>\u00dccretsiz Y\u00fcksek H\u0131zda \u0130nternet (WiFi)<\/li>\n<li><i class=\"fa fa-check\"><\/i>Sigara i\u00e7ilmeyen otel<\/li>\n<\/ul>\n<p>[\/vc_column_text][\/vc_column_inner][vc_column_inner width=&#8221;1\/3&#8243;][vc_column_text el_class=&#8221;m-b-none&#8221;]<\/p>\n<ul class=\"list list-icons list-primary text-uppercase text-color-dark font-size-sm font-weight-bold\">\n<li><i class=\"fa fa-check\"><\/i>Ses ge\u00e7irmez odalar<\/li>\n<li><i class=\"fa fa-check\"><\/i>\u00c7al\u0131\u015fma masas\u0131<\/li>\n<li><i class=\"fa fa-check\"><\/i>Banyo\/du\u015f<\/li>\n<\/ul>\n<p>[\/vc_column_text][\/vc_column_inner][vc_column_inner width=&#8221;1\/3&#8243;][vc_column_text el_class=&#8221;m-b-none&#8221;]<\/p>\n<ul class=\"list list-icons list-primary text-uppercase text-color-dark font-size-sm font-weight-bold\">\n<li><i class=\"fa fa-check\"><\/i>Klima<\/li>\n<li><i class=\"fa fa-check\"><\/i>Buzdolab\u0131<\/li>\n<li><i class=\"fa fa-check\"><\/i>\u00dccretsiz banyo ve ki\u015fisel bak\u0131m malzemeleri<\/li>\n<\/ul>\n<p>[\/vc_column_text][\/vc_column_inner][\/vc_row_inner][\/vc_column][\/vc_row]<\/p>\n<\/section>","protected":false},"excerpt":{"rendered":"<p>[vc_row el_id=&#8221;overview&#8221;][vc_column][vc_custom_heading text=&#8221;Hakk\u0131m\u0131zda&#8221; font_container=&#8221;tag:h3|text_align:left&#8221; use_theme_fonts=&#8221;yes&#8221; animation_delay=&#8221;200&#8243; animation_type=&#8221;fadeInUp&#8221; css=&#8221;.vc_custom_1690968901193{margin-top: 24px !important;margin-bottom: 27px !important;}&#8221;][vc_separator color=&#8221;custom&#8221; align=&#8221;align_left&#8221; border_width=&#8221;3&#8243; type=&#8221;small&#8221; gap=&#8221;short&#8221; accent_color=&#8221;#bc9552&#8243;][vc_row_inner][vc_column_inner animation_delay=&#8221;200&#8243; offset=&#8221;vc_col-md-5&#8243; animation_type=&#8221;fadeInLeft&#8221;][\/vc_column_inner][vc_column_inner animation_delay=&#8221;200&#8243; offset=&#8221;vc_col-md-7&#8243; animation_type=&#8221;fadeInRight&#8221;][vc_column_text css=&#8221;.vc_custom_1690968937523{margin-top: 16px !important;margin-bottom: 0px !important;}&#8221;]Kural Pansiyon plaja 6 dakikal\u0131k y\u00fcr\u00fcme mesafesinde. El yap\u0131m\u0131 yerel hediyelik e\u015fyalar sat\u0131n alabilece\u011finiz, ah\u015fap oymac\u0131l\u0131\u011f\u0131 i\u00e7in \u00fcnl\u00fc tarihi b\u00f6lgede yer alan Kural Pansiyon, genelinde \u00fccretsiz WiFi [&hellip;]<\/p>\n","protected":false},"author":1,"featured_media":0,"parent":0,"menu_order":0,"comment_status":"closed","ping_status":"closed","template":"","meta":{"footnotes":""},"class_list":["post-12","page","type-page","status-publish","hentry"],"acf":[],"_links":{"self":[{"href":"https:\/\/kuralpansiyon.com\/index.php\/wp-json\/wp\/v2\/pages\/12","targetHints":{"allow":["GET"]}}],"collection":[{"href":"https:\/\/kuralpansiyon.com\/index.php\/wp-json\/wp\/v2\/pages"}],"about":[{"href":"https:\/\/kuralpansiyon.com\/index.php\/wp-json\/wp\/v2\/types\/page"}],"author":[{"embeddable":true,"href":"https:\/\/kuralpansiyon.com\/index.php\/wp-json\/wp\/v2\/users\/1"}],"replies":[{"embeddable":true,"href":"https:\/\/kuralpansiyon.com\/index.php\/wp-json\/wp\/v2\/comments?post=12"}],"version-history":[{"count":6,"href":"https:\/\/kuralpansiyon.com\/index.php\/wp-json\/wp\/v2\/pages\/12\/revisions"}],"predecessor-version":[{"id":437,"href":"https:\/\/kuralpansiyon.com\/index.php\/wp-json\/wp\/v2\/pages\/12\/revisions\/437"}],"wp:attachment":[{"href":"https:\/\/kuralpansiyon.com\/index.php\/wp-json\/wp\/v2\/media?parent=12"}],"curies":[{"name":"wp","href":"https:\/\/api.w.org\/{rel}","templated":true}]}}